{"id":383,"date":"2017-09-18T07:22:15","date_gmt":"2017-09-18T07:22:15","guid":{"rendered":"https:\/\/taxispalais.art\/en\/?page_id=383"},"modified":"2022-11-10T17:26:12","modified_gmt":"2022-11-10T16:26:12","slug":"impressum","status":"publish","type":"page","link":"https:\/\/www.taxispalais.art\/en\/impressum\/","title":{"rendered":"Legal Notice"},"content":{"rendered":"<p>Thank you for understanding that we can only provide this page in German.<\/p>\n<p><strong>Medieninhaber und Herausgeber:<\/strong><br \/>\nTAXISPALAIS Kunsthalle Tirol GmbH<br \/>\nEine Tochtergesellschaft der Tiroler Landesmuseen-Betriebsgesellschaft m.b.H.<br \/>\nMaria-Theresien-Stra\u00dfe 45<br \/>\nA-6020 Innsbruck<br \/>\nT +43 512 594 89 401<br \/>\nE <a href=\"mailto:info@taxispalais.at\">info@taxispalais.at<\/a><\/p>\n<p><strong>Firmenbuchnummer:<\/strong><br \/>\nFN 566605 v<\/p>\n<p><b>UID-Nummer:<br \/>\n<\/b>ATU77568124<a class=\"external-link-new-window\" href=\"http:\/\/www.leokino.at\/\" target=\"_blank\" rel=\"noopener noreferrer\"><br \/>\n<\/a><br \/>\n<strong>F\u00fcr den Inhalt verantwortlich:<\/strong><br \/>\nTAXISPALAIS Kunsthalle Tirol GmbH<br \/>\nGesch\u00e4ftsf\u00fchrerin: Nina Tabassomi<\/p>\n<p><strong> Webrealisierung:<\/strong><br \/>\nGestaltet und programmiert von <a href=\"https:\/\/www.florianmatthias.com\">florianmatthias<\/a>.<\/p>\n<p><strong> Copyright:<\/strong><br \/>\nDer Inhalt der Website des TAXISPALAIS Kunsthalle Tirol unterliegt dem Schutz des Urheberrechts. Weiterverwendung und Vervielf\u00e4ltigung sind nur zu privaten Zwecken erlaubt.<\/p>\n<p>\u00c4nderungen an der Website d\u00fcrfen nicht vorgenommen werden.<\/p>\n<p><strong>Haftungsausschluss:<\/strong><br \/>\nAlle Angaben auf der Website erfolgen ohne Gew\u00e4hr.<\/p>\n<p><strong>Verweise und Links:<\/strong><br \/>\nDas TAXISPALAIS Kunsthalle Tirol ist f\u00fcr Inhalte und Angebote verlinkter Internetseiten nicht verantwortlich und \u00fcbernimmt daf\u00fcr keinerlei Haftung.<\/p>\n","protected":false},"excerpt":{"rendered":"<p>Thank you for understanding that we can only provide this page in German. Medieninhaber und Herausgeber: TAXISPALAIS Kunsthalle Tirol GmbH Eine Tochtergesellschaft der Tiroler Landesmuseen-Betriebsgesellschaft m.b.H. Maria-Theresien-Stra\u00dfe 45 A-6020 Innsbruck T +43 512 594 89 401 E info@taxispalais.at Firmenbuchnummer: FN 566605 v UID-Nummer: ATU77568124 F\u00fcr den Inhalt verantwortlich: TAXISPALAIS Kunsthalle Tirol GmbH Gesch\u00e4ftsf\u00fchrerin: Nina Tabassomi [&hellip;]<\/p>\n","protected":false},"author":1,"featured_media":0,"parent":0,"menu_order":11,"comment_status":"closed","ping_status":"closed","template":"","meta":{"footnotes":""},"class_list":["post-383","page","type-page","status-publish","hentry"],"yoast_head":"<!-- This site is optimized with the Yoast SEO plugin v27.5 - https:\/\/yoast.com\/product\/yoast-seo-wordpress\/ -->\n<title>Legal Notice - Taxispalais<\/title>\n<meta name=\"robots\" content=\"index, follow, max-snippet:-1, max-image-preview:large, max-video-preview:-1\" \/>\n<link rel=\"canonical\" href=\"https:\/\/www.taxispalais.art\/en\/impressum\/\" \/>\n<meta property=\"og:locale\" content=\"en_US\" \/>\n<meta property=\"og:type\" content=\"article\" \/>\n<meta property=\"og:title\" content=\"Legal Notice - Taxispalais\" \/>\n<meta property=\"og:description\" content=\"Thank you for understanding that we can only provide this page in German. Medieninhaber und Herausgeber: TAXISPALAIS Kunsthalle Tirol GmbH Eine Tochtergesellschaft der Tiroler Landesmuseen-Betriebsgesellschaft m.b.H. Maria-Theresien-Stra\u00dfe 45 A-6020 Innsbruck T +43 512 594 89 401 E info@taxispalais.at Firmenbuchnummer: FN 566605 v UID-Nummer: ATU77568124 F\u00fcr den Inhalt verantwortlich: TAXISPALAIS Kunsthalle Tirol GmbH Gesch\u00e4ftsf\u00fchrerin: Nina Tabassomi [&hellip;]\" \/>\n<meta property=\"og:url\" content=\"https:\/\/www.taxispalais.art\/en\/impressum\/\" \/>\n<meta property=\"og:site_name\" content=\"Taxispalais\" \/>\n<meta property=\"article:publisher\" content=\"https:\/\/www.facebook.com\/taxispalais\/\" \/>\n<meta property=\"article:modified_time\" content=\"2022-11-10T16:26:12+00:00\" \/>\n<meta name=\"twitter:card\" content=\"summary_large_image\" \/>\n<meta name=\"twitter:label1\" content=\"Est. reading time\" \/>\n\t<meta name=\"twitter:data1\" content=\"1 minute\" \/>\n<script type=\"application\/ld+json\" class=\"yoast-schema-graph\">{\"@context\":\"https:\\\/\\\/schema.org\",\"@graph\":[{\"@type\":\"WebPage\",\"@id\":\"https:\\\/\\\/www.taxispalais.art\\\/en\\\/impressum\\\/\",\"url\":\"https:\\\/\\\/www.taxispalais.art\\\/en\\\/impressum\\\/\",\"name\":\"Legal Notice - Taxispalais\",\"isPartOf\":{\"@id\":\"https:\\\/\\\/127.0.0.1\\\/#website\"},\"datePublished\":\"2017-09-18T07:22:15+00:00\",\"dateModified\":\"2022-11-10T16:26:12+00:00\",\"breadcrumb\":{\"@id\":\"https:\\\/\\\/www.taxispalais.art\\\/en\\\/impressum\\\/#breadcrumb\"},\"inLanguage\":\"en-US\",\"potentialAction\":[{\"@type\":\"ReadAction\",\"target\":[\"https:\\\/\\\/www.taxispalais.art\\\/en\\\/impressum\\\/\"]}]},{\"@type\":\"BreadcrumbList\",\"@id\":\"https:\\\/\\\/www.taxispalais.art\\\/en\\\/impressum\\\/#breadcrumb\",\"itemListElement\":[{\"@type\":\"ListItem\",\"position\":1,\"name\":\"Home\",\"item\":\"https:\\\/\\\/www.taxispalais.art\\\/en\\\/\"},{\"@type\":\"ListItem\",\"position\":2,\"name\":\"Legal Notice\"}]},{\"@type\":\"WebSite\",\"@id\":\"https:\\\/\\\/127.0.0.1\\\/#website\",\"url\":\"https:\\\/\\\/127.0.0.1\\\/\",\"name\":\"Taxispalais\",\"description\":\"Kunsthalle Tirol\",\"publisher\":{\"@id\":\"https:\\\/\\\/127.0.0.1\\\/#organization\"},\"potentialAction\":[{\"@type\":\"SearchAction\",\"target\":{\"@type\":\"EntryPoint\",\"urlTemplate\":\"https:\\\/\\\/127.0.0.1\\\/?s={search_term_string}\"},\"query-input\":{\"@type\":\"PropertyValueSpecification\",\"valueRequired\":true,\"valueName\":\"search_term_string\"}}],\"inLanguage\":\"en-US\"},{\"@type\":\"Organization\",\"@id\":\"https:\\\/\\\/127.0.0.1\\\/#organization\",\"name\":\"Taxispalais\",\"url\":\"https:\\\/\\\/127.0.0.1\\\/\",\"logo\":{\"@type\":\"ImageObject\",\"inLanguage\":\"en-US\",\"@id\":\"https:\\\/\\\/127.0.0.1\\\/#\\\/schema\\\/logo\\\/image\\\/\",\"url\":\"https:\\\/\\\/www.taxispalais.art\\\/wp-content\\\/uploads\\\/2017\\\/09\\\/taxispalais.svg\",\"contentUrl\":\"https:\\\/\\\/www.taxispalais.art\\\/wp-content\\\/uploads\\\/2017\\\/09\\\/taxispalais.svg\",\"width\":1,\"height\":1,\"caption\":\"Taxispalais\"},\"image\":{\"@id\":\"https:\\\/\\\/127.0.0.1\\\/#\\\/schema\\\/logo\\\/image\\\/\"},\"sameAs\":[\"https:\\\/\\\/www.facebook.com\\\/taxispalais\\\/\"]}]}<\/script>\n<!-- \/ Yoast SEO plugin. -->","yoast_head_json":{"title":"Legal Notice - Taxispalais","robots":{"index":"index","follow":"follow","max-snippet":"max-snippet:-1","max-image-preview":"max-image-preview:large","max-video-preview":"max-video-preview:-1"},"canonical":"https:\/\/www.taxispalais.art\/en\/impressum\/","og_locale":"en_US","og_type":"article","og_title":"Legal Notice - Taxispalais","og_description":"Thank you for understanding that we can only provide this page in German. Medieninhaber und Herausgeber: TAXISPALAIS Kunsthalle Tirol GmbH Eine Tochtergesellschaft der Tiroler Landesmuseen-Betriebsgesellschaft m.b.H. Maria-Theresien-Stra\u00dfe 45 A-6020 Innsbruck T +43 512 594 89 401 E info@taxispalais.at Firmenbuchnummer: FN 566605 v UID-Nummer: ATU77568124 F\u00fcr den Inhalt verantwortlich: TAXISPALAIS Kunsthalle Tirol GmbH Gesch\u00e4ftsf\u00fchrerin: Nina Tabassomi [&hellip;]","og_url":"https:\/\/www.taxispalais.art\/en\/impressum\/","og_site_name":"Taxispalais","article_publisher":"https:\/\/www.facebook.com\/taxispalais\/","article_modified_time":"2022-11-10T16:26:12+00:00","twitter_card":"summary_large_image","twitter_misc":{"Est. reading time":"1 minute"},"schema":{"@context":"https:\/\/schema.org","@graph":[{"@type":"WebPage","@id":"https:\/\/www.taxispalais.art\/en\/impressum\/","url":"https:\/\/www.taxispalais.art\/en\/impressum\/","name":"Legal Notice - Taxispalais","isPartOf":{"@id":"https:\/\/127.0.0.1\/#website"},"datePublished":"2017-09-18T07:22:15+00:00","dateModified":"2022-11-10T16:26:12+00:00","breadcrumb":{"@id":"https:\/\/www.taxispalais.art\/en\/impressum\/#breadcrumb"},"inLanguage":"en-US","potentialAction":[{"@type":"ReadAction","target":["https:\/\/www.taxispalais.art\/en\/impressum\/"]}]},{"@type":"BreadcrumbList","@id":"https:\/\/www.taxispalais.art\/en\/impressum\/#breadcrumb","itemListElement":[{"@type":"ListItem","position":1,"name":"Home","item":"https:\/\/www.taxispalais.art\/en\/"},{"@type":"ListItem","position":2,"name":"Legal Notice"}]},{"@type":"WebSite","@id":"https:\/\/127.0.0.1\/#website","url":"https:\/\/127.0.0.1\/","name":"Taxispalais","description":"Kunsthalle Tirol","publisher":{"@id":"https:\/\/127.0.0.1\/#organization"},"potentialAction":[{"@type":"SearchAction","target":{"@type":"EntryPoint","urlTemplate":"https:\/\/127.0.0.1\/?s={search_term_string}"},"query-input":{"@type":"PropertyValueSpecification","valueRequired":true,"valueName":"search_term_string"}}],"inLanguage":"en-US"},{"@type":"Organization","@id":"https:\/\/127.0.0.1\/#organization","name":"Taxispalais","url":"https:\/\/127.0.0.1\/","logo":{"@type":"ImageObject","inLanguage":"en-US","@id":"https:\/\/127.0.0.1\/#\/schema\/logo\/image\/","url":"https:\/\/www.taxispalais.art\/wp-content\/uploads\/2017\/09\/taxispalais.svg","contentUrl":"https:\/\/www.taxispalais.art\/wp-content\/uploads\/2017\/09\/taxispalais.svg","width":1,"height":1,"caption":"Taxispalais"},"image":{"@id":"https:\/\/127.0.0.1\/#\/schema\/logo\/image\/"},"sameAs":["https:\/\/www.facebook.com\/taxispalais\/"]}]}},"page_content":"","title_left":"Le","title_right":"gal Notice","featured_home_type":"","featured_home_name":"","featured_home_slug":"","featured_home_image":{"id":383,"title":"","alt":"Bild Taxis-palais Kunsthalle Tirol","image":false,"image_tiny":false},"featured_home_id":"","featured_home_start_date":"","featured_home_end_date":"","featured_home_time":"","featured_home_text":"","featured_home_show_date":"0","featured_home_show_text":"0","vorschau_home_type":"","vorschau_home_left":"","vorschau_home_right":"","vorschau_home_name":"","vorschau_home_slug":"","vorschau_home_image":{"id":383,"title":"","alt":"Bild Taxis-palais Kunsthalle Tirol","image":false,"image_tiny":false},"vorschau_home_id":"","vorschau_home_start_date":"","vorschau_home_end_date":"","vorschau_home_time":"","vorschau_home_show_date":"0","vorschau_home_show_text":"0","ruckblick_home_type":"","ruckblick_home_left":"","ruckblick_home_right":"","ruckblick_home_name":"","ruckblick_home_slug":"","ruckblick_home_image":{"id":383,"title":"","alt":"Bild Taxis-palais Kunsthalle Tirol","image":false,"image_tiny":false},"ruckblick_home_id":"","ruckblick_home_start_date":"","ruckblick_home_end_date":"","ruckblick_home_time":"","ruckblick_home_show_date":"0","ruckblick_home_show_text":"0","kalender_left":"","kalender_right":"","aktuelles_left":"","aktuelles_right":"","aktuelles_home_name":"","aktuelles_home_image":{"id":383,"title":"","alt":"Bild Taxis-palais Kunsthalle Tirol","image":false,"image_tiny":false},"aktuelles_home_slug":"","aktuelles_home_date":"","aktuelles_home_text":"","gallery_image":0,"sucess_headline":"","sucess_text":"","error_headline":"","error_text":"","address_left":"","address_right":"","address_line_1":"","address_line_2":"","address_line_3":"","address_telephone":"","address_fax":"","address_email":"","address_email_link":"","offnungszeiten_left":"","offnungszeiten_right":"","offnungszeiten_text":"","ausstellung_line_1":"","ausstellung_line_2":"","bibliothek_line_1":"","bibliothek_line_2":"","cafe_line_1":"","cafe_line_2":"","eintrittspreise_left":"","eintrittspreise_right":"","eintrittspreise":"","anfahrt_left":"","anfahrt_right":"","anfahrt_map":"","anfahrt_map_link":"","allgemeine_text":"","allgemeine_heading":"","allgemeine_description":"","vorteile_title_left":"","vorteile_title_right":"","vorteile":"","mitgliedschaften_left":"","mitgliedschaften_right":"","mitgliedschaften_title":"","mitgliedschaften_subtitle":"","mitgliedschaften_price":"","vorstand_left":"","vorstand_right":"","vorstand":"","aktiviation_left":"","aktiviation_right":"","aktiviation":"","vermittlung_kategorie":"","sidebar_left":"","sidebar_right":"","archive_1_label":"","archive_2_label":"","archive_1_link":"","archive_2_link":"","yoast":{"title":"Legal Notice - Taxispalais"},"image_data":0,"visibility":"public","_links":{"self":[{"href":"https:\/\/www.taxispalais.art\/en\/wp-json\/wp\/v2\/pages\/383","targetHints":{"allow":["GET"]}}],"collection":[{"href":"https:\/\/www.taxispalais.art\/en\/wp-json\/wp\/v2\/pages"}],"about":[{"href":"https:\/\/www.taxispalais.art\/en\/wp-json\/wp\/v2\/types\/page"}],"author":[{"embeddable":true,"href":"https:\/\/www.taxispalais.art\/en\/wp-json\/wp\/v2\/users\/1"}],"replies":[{"embeddable":true,"href":"https:\/\/www.taxispalais.art\/en\/wp-json\/wp\/v2\/comments?post=383"}],"version-history":[{"count":19,"href":"https:\/\/www.taxispalais.art\/en\/wp-json\/wp\/v2\/pages\/383\/revisions"}],"predecessor-version":[{"id":5722,"href":"https:\/\/www.taxispalais.art\/en\/wp-json\/wp\/v2\/pages\/383\/revisions\/5722"}],"wp:attachment":[{"href":"https:\/\/www.taxispalais.art\/en\/wp-json\/wp\/v2\/media?parent=383"}],"curies":[{"name":"wp","href":"https:\/\/api.w.org\/{rel}","templated":true}]}}