{"id":353,"date":"2017-09-18T06:11:43","date_gmt":"2017-09-18T06:11:43","guid":{"rendered":"https:\/\/taxispalais.art\/en\/?page_id=353"},"modified":"2026-03-17T10:00:44","modified_gmt":"2026-03-17T09:00:44","slug":"allgemeine-information","status":"publish","type":"page","link":"https:\/\/www.taxispalais.art\/en\/besuch\/allgemeine-information\/","title":{"rendered":"General Information"},"content":{"rendered":"","protected":false},"excerpt":{"rendered":"","protected":false},"author":1,"featured_media":0,"parent":348,"menu_order":28,"comment_status":"closed","ping_status":"closed","template":"","meta":{"footnotes":""},"class_list":["post-353","page","type-page","status-publish","hentry"],"yoast_head":"<!-- This site is optimized with the Yoast SEO plugin v27.5 - https:\/\/yoast.com\/product\/yoast-seo-wordpress\/ -->\n<title>General Information - Taxispalais<\/title>\n<meta name=\"robots\" content=\"index, follow, max-snippet:-1, max-image-preview:large, max-video-preview:-1\" \/>\n<link rel=\"canonical\" href=\"https:\/\/www.taxispalais.art\/en\/besuch\/allgemeine-information\/\" \/>\n<meta property=\"og:locale\" content=\"en_US\" \/>\n<meta property=\"og:type\" content=\"article\" \/>\n<meta property=\"og:title\" content=\"General Information - Taxispalais\" \/>\n<meta property=\"og:url\" content=\"https:\/\/www.taxispalais.art\/en\/besuch\/allgemeine-information\/\" \/>\n<meta property=\"og:site_name\" content=\"Taxispalais\" \/>\n<meta property=\"article:publisher\" content=\"https:\/\/www.facebook.com\/taxispalais\/\" \/>\n<meta property=\"article:modified_time\" content=\"2026-03-17T09:00:44+00:00\" \/>\n<meta name=\"twitter:card\" content=\"summary_large_image\" \/>\n<script type=\"application\/ld+json\" class=\"yoast-schema-graph\">{\"@context\":\"https:\\\/\\\/schema.org\",\"@graph\":[{\"@type\":\"WebPage\",\"@id\":\"https:\\\/\\\/www.taxispalais.art\\\/en\\\/besuch\\\/allgemeine-information\\\/\",\"url\":\"https:\\\/\\\/www.taxispalais.art\\\/en\\\/besuch\\\/allgemeine-information\\\/\",\"name\":\"General Information - Taxispalais\",\"isPartOf\":{\"@id\":\"https:\\\/\\\/www.taxispalais.art\\\/en\\\/#website\"},\"datePublished\":\"2017-09-18T06:11:43+00:00\",\"dateModified\":\"2026-03-17T09:00:44+00:00\",\"breadcrumb\":{\"@id\":\"https:\\\/\\\/www.taxispalais.art\\\/en\\\/besuch\\\/allgemeine-information\\\/#breadcrumb\"},\"inLanguage\":\"en-US\",\"potentialAction\":[{\"@type\":\"ReadAction\",\"target\":[\"https:\\\/\\\/www.taxispalais.art\\\/en\\\/besuch\\\/allgemeine-information\\\/\"]}]},{\"@type\":\"BreadcrumbList\",\"@id\":\"https:\\\/\\\/www.taxispalais.art\\\/en\\\/besuch\\\/allgemeine-information\\\/#breadcrumb\",\"itemListElement\":[{\"@type\":\"ListItem\",\"position\":1,\"name\":\"Home\",\"item\":\"https:\\\/\\\/www.taxispalais.art\\\/en\\\/\"},{\"@type\":\"ListItem\",\"position\":2,\"name\":\"Visit\",\"item\":\"https:\\\/\\\/www.taxispalais.art\\\/en\\\/besuch\\\/\"},{\"@type\":\"ListItem\",\"position\":3,\"name\":\"General Information\"}]},{\"@type\":\"WebSite\",\"@id\":\"https:\\\/\\\/www.taxispalais.art\\\/en\\\/#website\",\"url\":\"https:\\\/\\\/www.taxispalais.art\\\/en\\\/\",\"name\":\"Taxispalais\",\"description\":\"Kunsthalle Tirol\",\"publisher\":{\"@id\":\"https:\\\/\\\/www.taxispalais.art\\\/en\\\/#organization\"},\"potentialAction\":[{\"@type\":\"SearchAction\",\"target\":{\"@type\":\"EntryPoint\",\"urlTemplate\":\"https:\\\/\\\/www.taxispalais.art\\\/en\\\/?s={search_term_string}\"},\"query-input\":{\"@type\":\"PropertyValueSpecification\",\"valueRequired\":true,\"valueName\":\"search_term_string\"}}],\"inLanguage\":\"en-US\"},{\"@type\":\"Organization\",\"@id\":\"https:\\\/\\\/www.taxispalais.art\\\/en\\\/#organization\",\"name\":\"Taxispalais\",\"url\":\"https:\\\/\\\/www.taxispalais.art\\\/en\\\/\",\"logo\":{\"@type\":\"ImageObject\",\"inLanguage\":\"en-US\",\"@id\":\"https:\\\/\\\/www.taxispalais.art\\\/en\\\/#\\\/schema\\\/logo\\\/image\\\/\",\"url\":\"https:\\\/\\\/www.taxispalais.art\\\/wp-content\\\/uploads\\\/2017\\\/09\\\/taxispalais.svg\",\"contentUrl\":\"https:\\\/\\\/www.taxispalais.art\\\/wp-content\\\/uploads\\\/2017\\\/09\\\/taxispalais.svg\",\"width\":1,\"height\":1,\"caption\":\"Taxispalais\"},\"image\":{\"@id\":\"https:\\\/\\\/www.taxispalais.art\\\/en\\\/#\\\/schema\\\/logo\\\/image\\\/\"},\"sameAs\":[\"https:\\\/\\\/www.facebook.com\\\/taxispalais\\\/\"]}]}<\/script>\n<!-- \/ Yoast SEO plugin. -->","yoast_head_json":{"title":"General Information - Taxispalais","robots":{"index":"index","follow":"follow","max-snippet":"max-snippet:-1","max-image-preview":"max-image-preview:large","max-video-preview":"max-video-preview:-1"},"canonical":"https:\/\/www.taxispalais.art\/en\/besuch\/allgemeine-information\/","og_locale":"en_US","og_type":"article","og_title":"General Information - Taxispalais","og_url":"https:\/\/www.taxispalais.art\/en\/besuch\/allgemeine-information\/","og_site_name":"Taxispalais","article_publisher":"https:\/\/www.facebook.com\/taxispalais\/","article_modified_time":"2026-03-17T09:00:44+00:00","twitter_card":"summary_large_image","schema":{"@context":"https:\/\/schema.org","@graph":[{"@type":"WebPage","@id":"https:\/\/www.taxispalais.art\/en\/besuch\/allgemeine-information\/","url":"https:\/\/www.taxispalais.art\/en\/besuch\/allgemeine-information\/","name":"General Information - Taxispalais","isPartOf":{"@id":"https:\/\/www.taxispalais.art\/en\/#website"},"datePublished":"2017-09-18T06:11:43+00:00","dateModified":"2026-03-17T09:00:44+00:00","breadcrumb":{"@id":"https:\/\/www.taxispalais.art\/en\/besuch\/allgemeine-information\/#breadcrumb"},"inLanguage":"en-US","potentialAction":[{"@type":"ReadAction","target":["https:\/\/www.taxispalais.art\/en\/besuch\/allgemeine-information\/"]}]},{"@type":"BreadcrumbList","@id":"https:\/\/www.taxispalais.art\/en\/besuch\/allgemeine-information\/#breadcrumb","itemListElement":[{"@type":"ListItem","position":1,"name":"Home","item":"https:\/\/www.taxispalais.art\/en\/"},{"@type":"ListItem","position":2,"name":"Visit","item":"https:\/\/www.taxispalais.art\/en\/besuch\/"},{"@type":"ListItem","position":3,"name":"General Information"}]},{"@type":"WebSite","@id":"https:\/\/www.taxispalais.art\/en\/#website","url":"https:\/\/www.taxispalais.art\/en\/","name":"Taxispalais","description":"Kunsthalle Tirol","publisher":{"@id":"https:\/\/www.taxispalais.art\/en\/#organization"},"potentialAction":[{"@type":"SearchAction","target":{"@type":"EntryPoint","urlTemplate":"https:\/\/www.taxispalais.art\/en\/?s={search_term_string}"},"query-input":{"@type":"PropertyValueSpecification","valueRequired":true,"valueName":"search_term_string"}}],"inLanguage":"en-US"},{"@type":"Organization","@id":"https:\/\/www.taxispalais.art\/en\/#organization","name":"Taxispalais","url":"https:\/\/www.taxispalais.art\/en\/","logo":{"@type":"ImageObject","inLanguage":"en-US","@id":"https:\/\/www.taxispalais.art\/en\/#\/schema\/logo\/image\/","url":"https:\/\/www.taxispalais.art\/wp-content\/uploads\/2017\/09\/taxispalais.svg","contentUrl":"https:\/\/www.taxispalais.art\/wp-content\/uploads\/2017\/09\/taxispalais.svg","width":1,"height":1,"caption":"Taxispalais"},"image":{"@id":"https:\/\/www.taxispalais.art\/en\/#\/schema\/logo\/image\/"},"sameAs":["https:\/\/www.facebook.com\/taxispalais\/"]}]}},"page_content":"","title_left":"","title_right":"","featured_home_type":"","featured_home_name":"","featured_home_slug":"","featured_home_image":{"id":353,"title":"","alt":"Bild Taxis-palais Kunsthalle Tirol","image":false,"image_tiny":false},"featured_home_id":"","featured_home_start_date":"","featured_home_end_date":"","featured_home_time":"","featured_home_text":"","featured_home_show_date":"0","featured_home_show_text":"0","vorschau_home_type":"","vorschau_home_left":"","vorschau_home_right":"","vorschau_home_name":"","vorschau_home_slug":"","vorschau_home_image":{"id":353,"title":"","alt":"Bild Taxis-palais Kunsthalle Tirol","image":false,"image_tiny":false},"vorschau_home_id":"","vorschau_home_start_date":"","vorschau_home_end_date":"","vorschau_home_time":"","vorschau_home_show_date":"0","vorschau_home_show_text":"0","ruckblick_home_type":"","ruckblick_home_left":"","ruckblick_home_right":"","ruckblick_home_name":"","ruckblick_home_slug":"","ruckblick_home_image":{"id":353,"title":"","alt":"Bild Taxis-palais Kunsthalle Tirol","image":false,"image_tiny":false},"ruckblick_home_id":"","ruckblick_home_start_date":"","ruckblick_home_end_date":"","ruckblick_home_time":"","ruckblick_home_show_date":"0","ruckblick_home_show_text":"0","kalender_left":"","kalender_right":"","aktuelles_left":"","aktuelles_right":"","aktuelles_home_name":"","aktuelles_home_image":{"id":353,"title":"","alt":"Bild Taxis-palais Kunsthalle Tirol","image":false,"image_tiny":false},"aktuelles_home_slug":"","aktuelles_home_date":"","aktuelles_home_text":"","gallery_image":0,"sucess_headline":"","sucess_text":"","error_headline":"","error_text":"","address_left":"Con","address_right":"tact","address_line_1":"TAXISPALAIS Kunsthalle Tirol GmbH","address_line_2":"Maria-Theresien-Stra\u00dfe 45","address_line_3":"6020 Innsbruck, Austria","address_telephone":"43 512 594 89 401","address_fax":"","address_email":"info@taxispalais.at","address_email_link":"info@taxispalais.at","offnungszeiten_left":"Opening","offnungszeiten_right":"Hours","offnungszeiten_text":"<p>Tuesday-Sunday 11am-6pm<\/p>\r\n<p>Thursday 11am-8pm<\/p>\r\n<p>Closed on Mondays<\/p>","ausstellung_line_1":"Di \u2013 So 11 \u2013 18, ","ausstellung_line_2":"Do 11 \u2013 20 Uhr","bibliothek_line_1":"Di \u2013 So 11 \u2013 18, ","bibliothek_line_2":"Do 11 \u2013 20 Uhr","cafe_line_1":"Di \u2013 So 11 \u2013 18, ","cafe_line_2":"Do 11 \u2013 20 Uhr","eintrittspreise_left":"Admis","eintrittspreise_right":"sion","eintrittspreise":"<p>6 EUR \/ reduced 4 EUR<br \/>\r\nCombined ticket* 14 EUR \/ reduced 11 EUR<br \/>\r\nThursdays from 6pm onwards free admission<\/p>\r\n<p>&nbsp;<\/p>\r\n<p>Groups of more than 10: 4 EUR per person<br \/>\r\nPeople with special needs, children and young people under 18: free admission<\/p>\r\n<p>&nbsp;<\/p>\r\n<p><a href=\"https:\/\/oe1.orf.at\/club\" target=\"_blank\" rel=\"noopener\"><img src=\"https:\/\/taxispalais.art\/wp-content\/uploads\/2017\/08\/csm_Logo_OE1-Club_Web_73946e9ce81.png\" alt=\"\" width=\"45\" height=\"42\" \/><\/a>50<span class=\"highlightedLayerContent\" data-color-group=\"turquoise\">%<\/span> reduction for members of \u00d61 Club<\/p>\r\n<p>&nbsp;<\/p>\r\n<p>* TAXISPALAIS Kunsthalle Tirol and the <a href=\"https:\/\/www.tiroler-landesmuseen.at\/\" target=\"_blank\" rel=\"noopener\">Tiroler Landesmuseen<\/a>: Tiroler Landesmuseum Ferdinandeum, Tiroler Volkskunstmuseum, Hofkirche, Museum im Zeughaus, DAS TIROL PANORAMA mit Kaiserj\u00e4germuseum<\/p>","anfahrt_left":"Direc","anfahrt_right":"tions","anfahrt_map":["https:\/\/taxispalais.art\/wp-content\/uploads\/2017\/08\/map-taxispalais.png"],"anfahrt_map_link":"https:\/\/goo.gl\/maps\/GsFxmkU1eTE2","allgemeine_text":"<p>The TAXISPALAIS is centrally located in the heart of Innsbruck and is easily accessible on foot or with public transportation.<\/p>","allgemeine_heading":["By rail","By air","By car"],"allgemeine_description":["<p>There are regular <a href=\"http:\/\/www.oebb.at\/de\/\" target=\"_blank\" rel=\"noopener\">train connections<\/a> to Innsbruck from Munich, Salzburg, Vienna and South Tyrol. A non-stop Eurocity departs from Munich every two hours (travel time: 1\u00be hours). Railjet trains arrive from Salzburg (travel time: 1\u00be hours) and Vienna hourly.<\/p>\r\n<p>&nbsp;<\/p>\r\n<p>You can walk comfortably to the TAXISPALAIS from the main railway station (\u201cHauptbahnhof\u201d) in Innsbruck in less than 10 minutes. Leave from the \u201cS\u00fcdtiroler Platz\u201d exit, walk straight ahead and continue on the opposite side of the street along Salurner Stra\u00dfe (streetcar tracks) to the Triumphpforte. From there, turn right onto Maria-Theresien-Stra\u00dfe. You will see the TAXISPALAIS about 200 meters farther along on the right-hand side of the street.<\/p>\r\n<p>&nbsp;<\/p>\r\n<p>There is a taxi stand in the underground garage in the railway station (entrance from the lower station hall).<\/p>\r\n<p>&nbsp;<\/p>\r\n<p>Take <a href=\"https:\/\/www.ivb.at\/\" target=\"_blank\" rel=\"noopener\">streetcar<\/a> line 3 (in the direction of H\u00f6ttinger Au) from S\u00fcdtiroler Platz and exit the streetcar at the third stop (Anichstra\u00dfe\/Rathausgalerien). Walk back from there to Maria-Theresien-Stra\u00dfe and turn right at the corner. The TAXISPALAIS is located about 100 meters farther along on the left-hand side of the street (a roughly 2-minute walk).<\/p>","<p class=\"tw-data-text tw-ta tw-text-small\" dir=\"ltr\" data-placeholder=\"Translation\">Regular flights to Innsbruck are available from Amsterdam, Frankfurt\/Main, London, Vienna and other cities.<\/p>\r\n<p class=\"tw-data-text tw-ta tw-text-small\" dir=\"ltr\" data-placeholder=\"Translation\">You can travel to the TAXISPALAIS from Innsbruck Airport quickly and comfortable by taxi or city bus (\u201cStadtbus\u201d).<\/p>\r\n<p class=\"tw-data-text tw-ta tw-text-small\" dir=\"ltr\" data-placeholder=\"Translation\"><a href=\"https:\/\/www.ivb.at\" target=\"_blank\" rel=\"noopener\">Bus:<\/a> <a href=\"https:\/\/www.ivb.at\/fileadmin\/downloads\/Linienfolder\/ivb_linienfolder_F_2017_screen.pdf\" target=\"_blank\" rel=\"noopener\">Line F<\/a> stops directly in front of the airport building. Tickets can be purchased from the driver. The bus departs every 15 minutes on weekdays and Saturdays and every 30 minutes on Sundays and holidays. The trip from the airport to the Anichstra\u00dfe\/Rathausgalerien stop takes about 15 minutes. Walk back from there to Maria-Theresien-Stra\u00dfe and turn right. The TAXISPALAIS is located about 100 meters farther along on the left-hand side of the street (a roughly 2-minute walk).<\/p>\r\n<p class=\"tw-data-text tw-ta tw-text-small\" dir=\"ltr\" data-placeholder=\"Translation\">Taxi: Travel time is approximately 10 minutes. Cost: 10 to 15 EUR.<\/p>","<p>From Munich: via the A8, A93 and A12 to exit 75 (\u201cInnsbruck-Mitte\u201d); travel time: approx. 2 hours.<\/p>\r\n<p>From Salzburg via the A1, A8, A93 and A12 to exit 75 (\u201cInnsbruck-Mitte\u201d); travel time: approx. 2\u00bc hours.<\/p>\r\n<p>From Meran via the E45; travel time: approx. 2\u00bc hours.<\/p>\r\n<p>&nbsp;<\/p>\r\n<p><strong>Parking<\/strong><\/p>\r\n<p>&nbsp;<\/p>\r\n<p>Landhausplatz Garage: 350 parking spaces; entrance from Wilhelm-Greil-Stra\u00dfe<\/p>\r\n<p>Zentralgarage Kaufhaus Tyrol \/ Sparkassenplatz \/ Stadtforum: 820 parking spaces; entrance from Wilhelm-Greil-Stra\u00dfe<\/p>\r\n<p>Rathaus Garage: 363 parking spaces; entrance from Adolf-Pichler-Platz<\/p>\r\n<p>Parking spaces for the disabled are available in the parking garages on Meraner Stra\u00dfe and Wilhelm-Greil-Stra\u00dfe (where you may use the designated short-time parking spaces free of charge and for unlimited periods of time).<\/p>"],"vorteile_title_left":"","vorteile_title_right":"","vorteile":"","mitgliedschaften_left":"","mitgliedschaften_right":"","mitgliedschaften_title":"","mitgliedschaften_subtitle":"","mitgliedschaften_price":"","vorstand_left":"","vorstand_right":"","vorstand":"","aktiviation_left":"","aktiviation_right":"","aktiviation":"","vermittlung_kategorie":"","sidebar_left":"","sidebar_right":"","archive_1_label":"","archive_2_label":"","archive_1_link":"","archive_2_link":"","yoast":{"title":"General Information - Taxispalais"},"image_data":0,"visibility":"public","_links":{"self":[{"href":"https:\/\/www.taxispalais.art\/en\/wp-json\/wp\/v2\/pages\/353","targetHints":{"allow":["GET"]}}],"collection":[{"href":"https:\/\/www.taxispalais.art\/en\/wp-json\/wp\/v2\/pages"}],"about":[{"href":"https:\/\/www.taxispalais.art\/en\/wp-json\/wp\/v2\/types\/page"}],"author":[{"embeddable":true,"href":"https:\/\/www.taxispalais.art\/en\/wp-json\/wp\/v2\/users\/1"}],"replies":[{"embeddable":true,"href":"https:\/\/www.taxispalais.art\/en\/wp-json\/wp\/v2\/comments?post=353"}],"version-history":[{"count":1,"href":"https:\/\/www.taxispalais.art\/en\/wp-json\/wp\/v2\/pages\/353\/revisions"}],"predecessor-version":[{"id":354,"href":"https:\/\/www.taxispalais.art\/en\/wp-json\/wp\/v2\/pages\/353\/revisions\/354"}],"up":[{"embeddable":true,"href":"https:\/\/www.taxispalais.art\/en\/wp-json\/wp\/v2\/pages\/348"}],"wp:attachment":[{"href":"https:\/\/www.taxispalais.art\/en\/wp-json\/wp\/v2\/media?parent=353"}],"curies":[{"name":"wp","href":"https:\/\/api.w.org\/{rel}","templated":true}]}}